{"id":4569,"date":"2019-07-25T13:44:44","date_gmt":"2019-07-25T11:44:44","guid":{"rendered":"https:\/\/casadigiobb.it\/chi-siamo\/"},"modified":"2022-03-11T17:28:17","modified_gmt":"2022-03-11T16:28:17","slug":"uber-uns","status":"publish","type":"page","link":"https:\/\/casadigiobb.it\/de\/uber-uns\/","title":{"rendered":"\u00fcber uns"},"content":{"rendered":"\t\t<div data-elementor-type=\"wp-post\" data-elementor-id=\"4569\" class=\"elementor elementor-4569\">\n\t\t\t\t\t\t<section class=\"elementor-section elementor-top-section elementor-element elementor-element-43811f2 elementor-section-boxed elementor-section-height-default elementor-section-height-default\" data-id=\"43811f2\" data-element_type=\"section\">\n\t\t\t\t\t\t<div class=\"elementor-container elementor-column-gap-default\">\n\t\t\t\t\t<div class=\"elementor-column elementor-col-50 elementor-top-column elementor-element elementor-element-67460ad\" data-id=\"67460ad\" data-element_type=\"column\">\n\t\t\t<div class=\"elementor-widget-wrap elementor-element-populated\">\n\t\t\t\t\t\t<div class=\"elementor-element elementor-element-0bc2d09 elementor-widget elementor-widget-image\" data-id=\"0bc2d09\" data-element_type=\"widget\" data-widget_type=\"image.default\">\n\t\t\t\t<div class=\"elementor-widget-container\">\n\t\t\t\t\t\t\t\t\t\t\t\t<figure class=\"wp-caption\">\n\t\t\t\t\t\t\t\t\t\t<img fetchpriority=\"high\" decoding=\"async\" width=\"950\" height=\"633\" src=\"https:\/\/casadigiobb.it\/wp-content\/uploads\/2021\/11\/gioanna.jpg\" class=\"attachment-full size-full wp-image-3426\" alt=\"Giovanni e Anna\" srcset=\"https:\/\/casadigiobb.it\/wp-content\/uploads\/2021\/11\/gioanna.jpg 950w, https:\/\/casadigiobb.it\/wp-content\/uploads\/2021\/11\/gioanna-300x200.jpg 300w, https:\/\/casadigiobb.it\/wp-content\/uploads\/2021\/11\/gioanna-768x512.jpg 768w, https:\/\/casadigiobb.it\/wp-content\/uploads\/2021\/11\/gioanna-845x563.jpg 845w, https:\/\/casadigiobb.it\/wp-content\/uploads\/2021\/11\/gioanna-370x247.jpg 370w, https:\/\/casadigiobb.it\/wp-content\/uploads\/2021\/11\/gioanna-359x239.jpg 359w, https:\/\/casadigiobb.it\/wp-content\/uploads\/2021\/11\/gioanna-254x169.jpg 254w, https:\/\/casadigiobb.it\/wp-content\/uploads\/2021\/11\/gioanna-472x315.jpg 472w, https:\/\/casadigiobb.it\/wp-content\/uploads\/2021\/11\/gioanna-570x380.jpg 570w, https:\/\/casadigiobb.it\/wp-content\/uploads\/2021\/11\/gioanna-145x97.jpg 145w\" sizes=\"(max-width: 950px) 100vw, 950px\" \/>\t\t\t\t\t\t\t\t\t\t\t<figcaption class=\"widget-image-caption wp-caption-text\">Giovanni und Anna<\/figcaption>\n\t\t\t\t\t\t\t\t\t\t<\/figure>\n\t\t\t\t\t\t\t\t\t<\/div>\n\t\t\t\t<\/div>\n\t\t\t\t<div class=\"elementor-element elementor-element-de79002 elementor-widget elementor-widget-image\" data-id=\"de79002\" data-element_type=\"widget\" data-widget_type=\"image.default\">\n\t\t\t\t<div class=\"elementor-widget-container\">\n\t\t\t\t\t\t\t\t\t\t\t\t<figure class=\"wp-caption\">\n\t\t\t\t\t\t\t\t\t\t<img decoding=\"async\" width=\"950\" height=\"633\" src=\"https:\/\/casadigiobb.it\/wp-content\/uploads\/2021\/11\/esterni.jpg\" class=\"attachment-full size-full wp-image-3427\" alt=\"\" srcset=\"https:\/\/casadigiobb.it\/wp-content\/uploads\/2021\/11\/esterni.jpg 950w, https:\/\/casadigiobb.it\/wp-content\/uploads\/2021\/11\/esterni-300x200.jpg 300w, https:\/\/casadigiobb.it\/wp-content\/uploads\/2021\/11\/esterni-768x512.jpg 768w, https:\/\/casadigiobb.it\/wp-content\/uploads\/2021\/11\/esterni-845x563.jpg 845w, https:\/\/casadigiobb.it\/wp-content\/uploads\/2021\/11\/esterni-370x247.jpg 370w, https:\/\/casadigiobb.it\/wp-content\/uploads\/2021\/11\/esterni-359x239.jpg 359w, https:\/\/casadigiobb.it\/wp-content\/uploads\/2021\/11\/esterni-254x169.jpg 254w, https:\/\/casadigiobb.it\/wp-content\/uploads\/2021\/11\/esterni-472x315.jpg 472w, https:\/\/casadigiobb.it\/wp-content\/uploads\/2021\/11\/esterni-570x380.jpg 570w, https:\/\/casadigiobb.it\/wp-content\/uploads\/2021\/11\/esterni-145x97.jpg 145w\" sizes=\"(max-width: 950px) 100vw, 950px\" \/>\t\t\t\t\t\t\t\t\t\t\t<figcaption class=\"widget-image-caption wp-caption-text\">Au\u00dfenansicht der Struktur<\/figcaption>\n\t\t\t\t\t\t\t\t\t\t<\/figure>\n\t\t\t\t\t\t\t\t\t<\/div>\n\t\t\t\t<\/div>\n\t\t\t\t<div class=\"elementor-element elementor-element-f280da1 elementor-widget elementor-widget-image\" data-id=\"f280da1\" data-element_type=\"widget\" data-widget_type=\"image.default\">\n\t\t\t\t<div class=\"elementor-widget-container\">\n\t\t\t\t\t\t\t\t\t\t\t\t<figure class=\"wp-caption\">\n\t\t\t\t\t\t\t\t\t\t<img decoding=\"async\" width=\"950\" height=\"633\" src=\"https:\/\/casadigiobb.it\/wp-content\/uploads\/2021\/11\/esterno2.jpg\" class=\"attachment-full size-full wp-image-3428\" alt=\"\" srcset=\"https:\/\/casadigiobb.it\/wp-content\/uploads\/2021\/11\/esterno2.jpg 950w, https:\/\/casadigiobb.it\/wp-content\/uploads\/2021\/11\/esterno2-300x200.jpg 300w, https:\/\/casadigiobb.it\/wp-content\/uploads\/2021\/11\/esterno2-768x512.jpg 768w, https:\/\/casadigiobb.it\/wp-content\/uploads\/2021\/11\/esterno2-845x563.jpg 845w, https:\/\/casadigiobb.it\/wp-content\/uploads\/2021\/11\/esterno2-370x247.jpg 370w, https:\/\/casadigiobb.it\/wp-content\/uploads\/2021\/11\/esterno2-359x239.jpg 359w, https:\/\/casadigiobb.it\/wp-content\/uploads\/2021\/11\/esterno2-254x169.jpg 254w, https:\/\/casadigiobb.it\/wp-content\/uploads\/2021\/11\/esterno2-472x315.jpg 472w, https:\/\/casadigiobb.it\/wp-content\/uploads\/2021\/11\/esterno2-570x380.jpg 570w, https:\/\/casadigiobb.it\/wp-content\/uploads\/2021\/11\/esterno2-145x97.jpg 145w\" sizes=\"(max-width: 950px) 100vw, 950px\" \/>\t\t\t\t\t\t\t\t\t\t\t<figcaption class=\"widget-image-caption wp-caption-text\">Au\u00dfenansicht des B&amp;B und des Restaurants<\/figcaption>\n\t\t\t\t\t\t\t\t\t\t<\/figure>\n\t\t\t\t\t\t\t\t\t<\/div>\n\t\t\t\t<\/div>\n\t\t\t\t\t<\/div>\n\t\t<\/div>\n\t\t\t\t<div class=\"elementor-column elementor-col-50 elementor-top-column elementor-element elementor-element-b6a1757\" data-id=\"b6a1757\" data-element_type=\"column\">\n\t\t\t<div class=\"elementor-widget-wrap elementor-element-populated\">\n\t\t\t\t\t\t<div class=\"elementor-element elementor-element-a9e62e8 elementor-widget elementor-widget-text-editor\" data-id=\"a9e62e8\" data-element_type=\"widget\" data-widget_type=\"text-editor.default\">\n\t\t\t\t<div class=\"elementor-widget-container\">\n\t\t\t\t\t\t\t\t\t<p>Wir hei\u00dfen\u00a0<strong>Giovanni und Anna<\/strong>.\u00a0Im Jahr 2021 haben wir beschlossen, das\u00a0<strong>B&amp;B Casa di Gi\u00f2<\/strong> zu gr\u00fcnden.<\/p><p>Unser B&amp;B ist vollkommen neu. Es besteht aus\u00a0<strong>4 Doppelzimmern\u00a0<\/strong>(2 davon mit Kochnische) und Gemeinschaftsbereichen, in denen das Fr\u00fchst\u00fcck serviert wird.<\/p><p>Wir bieten unseren G\u00e4sten ein\u00a0<strong>s\u00fc\u00dfes Fr\u00fchst\u00fcck<\/strong>, doch nach vorheriger Anfrage servieren wir auch gerne ein\u00a0<strong>herzhaftes Fr\u00fchst\u00fcck<\/strong>. Sie k\u00f6nnen uns auch mitteilen, ob Sie\u00a0<strong>besondere Ern\u00e4hrungsbed\u00fcrfnisse<\/strong> haben.<\/p><p>Alle Zimmer verf\u00fcgen \u00fcber ein<strong>\u00a0eigenes Bad (Dusche, Waschbecken, WC und Bidet)<\/strong>. Die\u00a0<strong>Reinigung<\/strong>\u00a0erfolgt alle 3 Tage, der<strong>\u00a0Handtuchwechsel\u00a0<\/strong>t\u00e4glich und der\u00a0<strong>Bettw\u00e4schewechsel<\/strong>\u00a0alle 6 Tage.<\/p><p><strong>Kinder sind bei uns herzlich willkommen<\/strong>. Wir haben f\u00fcr sie Kinderbetten und Hochst\u00fchle bereit.<\/p><p>Auch<strong>\u00a0kleine Haustiere<\/strong> sind hier gern gesehen.<\/p><p>Rauchern steht die Terrasse zum Rauchen zur Verf\u00fcgung. Der\u00a0<strong>Parkplatz f\u00fcr die G\u00e4ste<\/strong>\u00a0ist kostenlos.<\/p><p>Bei l\u00e4ngeren Aufenthalten k\u00f6nnen wir unseren G\u00e4sten mit Preisnachl\u00e4ssen entgegenkommen. Nach vorheriger Absprache und Verf\u00fcgbarkeit sind ein sp\u00e4terer Check-in und Check-out m\u00f6glich.<\/p><p><strong>Ganz gleich, ob Gesch\u00e4fts- oder Freizeitreise<\/strong>: Unser B&amp;B ist die ideale L\u00f6sung! Wer beruflich unterwegs ist, findet bei uns eine hervorragende Unterkunft f\u00fcr einen rundum komfortablen Aufenthalt. Unsere Struktur ist auch deshalb ideal f\u00fcr Gesch\u00e4ftsreisen, da es in diesem Gebiet viele Industriezweige und Unternehmen gibt.<\/p><p>Das B&amp;B Casa di Gi\u00f2 befindet sich\u00a0<strong>in San Giovanni al Natisone,<\/strong>\u00a0genauer gesagt im Ortsteil\u00a0<strong>Bolzano<\/strong>. Es ist von der Staatsstra\u00dfe Udine-Gorizia leicht zu erreichen. Die Struktur liegt\u00a0<strong>in gleicher Entfernung von Udine und Gorizia<\/strong> und in der N\u00e4he der Ortschaften\u00a0<strong>Manzano und Cormons<\/strong>.<\/p><p>Unterhalb des B&amp;B finden Sie das\u00a0<strong>Restaurant Gioanna<\/strong>, das sowohl typisch apulische als auch traditionelle italienische Gerichte anbietet. Eine perfekte L\u00f6sung, wenn Sie nur einen Katzensprung vom Bed and Breakfast entfernt speisen m\u00f6chten, ohne das Auto zu nehmen. In unserem Restaurant finden Sie au\u00dferdem einen gut sortierten\u00a0<strong>Verkaufsladen mit den besten typischen Produkten Apuliens<\/strong>.<\/p>\t\t\t\t\t\t\t\t<\/div>\n\t\t\t\t<\/div>\n\t\t\t\t\t<\/div>\n\t\t<\/div>\n\t\t\t\t\t<\/div>\n\t\t<\/section>\n\t\t\t\t<\/div>\n\t\t","protected":false},"excerpt":{"rendered":"<p>Giovanni und Anna Au\u00dfenansicht der Struktur Au\u00dfenansicht des B&amp;B und des Restaurants Wir hei\u00dfen\u00a0Giovanni und Anna.\u00a0Im Jahr 2021 haben wir beschlossen, das\u00a0B&amp;B Casa di Gi\u00f2 zu gr\u00fcnden. Unser B&amp;B ist vollkommen neu. Es besteht aus\u00a04 Doppelzimmern\u00a0(2 davon mit Kochnische) und Gemeinschaftsbereichen, in denen das Fr\u00fchst\u00fcck serviert wird. Wir bieten unseren G\u00e4sten ein\u00a0s\u00fc\u00dfes Fr\u00fchst\u00fcck, doch nach<\/p>\n","protected":false},"author":1,"featured_media":4116,"parent":0,"menu_order":0,"comment_status":"closed","ping_status":"closed","template":"","meta":{"footnotes":""},"class_list":["post-4569","page","type-page","status-publish","has-post-thumbnail","hentry"],"yoast_head":"<!-- This site is optimized with the Yoast SEO plugin v26.7 - https:\/\/yoast.com\/wordpress\/plugins\/seo\/ -->\n<title>\u00fcber uns - Casa di Gio B&amp;B<\/title>\n<meta name=\"description\" content=\"Siamo Giovanni e Anna e nel 2021 abbiamo creato il B&amp;B la Casa di Gi\u00f2. Il nostro \u00e8 un B&amp;B completamente nuovo, con 4 camere matrimoniali.\" \/>\n<meta name=\"robots\" content=\"index, follow, max-snippet:-1, max-image-preview:large, max-video-preview:-1\" \/>\n<link rel=\"canonical\" href=\"https:\/\/casadigiobb.it\/de\/uber-uns\/\" \/>\n<meta property=\"og:locale\" content=\"de_DE\" \/>\n<meta property=\"og:type\" content=\"article\" \/>\n<meta property=\"og:title\" content=\"\u00fcber uns - Casa di Gio B&amp;B\" \/>\n<meta property=\"og:description\" content=\"Siamo Giovanni e Anna e nel 2021 abbiamo creato il B&amp;B la Casa di Gi\u00f2. Il nostro \u00e8 un B&amp;B completamente nuovo, con 4 camere matrimoniali.\" \/>\n<meta property=\"og:url\" content=\"https:\/\/casadigiobb.it\/de\/uber-uns\/\" \/>\n<meta property=\"og:site_name\" content=\"Casa di Gio B&amp;B\" \/>\n<meta property=\"article:modified_time\" content=\"2022-03-11T16:28:17+00:00\" \/>\n<meta property=\"og:image\" content=\"https:\/\/casadigiobb.it\/wp-content\/uploads\/2017\/02\/slider-1-3.jpg\" \/>\n\t<meta property=\"og:image:width\" content=\"1920\" \/>\n\t<meta property=\"og:image:height\" content=\"1080\" \/>\n\t<meta property=\"og:image:type\" content=\"image\/jpeg\" \/>\n<meta name=\"twitter:card\" content=\"summary_large_image\" \/>\n<meta name=\"twitter:label1\" content=\"Gesch\u00e4tzte Lesezeit\" \/>\n\t<meta name=\"twitter:data1\" content=\"2\u00a0Minuten\" \/>\n<script type=\"application\/ld+json\" class=\"yoast-schema-graph\">{\"@context\":\"https:\/\/schema.org\",\"@graph\":[{\"@type\":\"WebPage\",\"@id\":\"https:\/\/casadigiobb.it\/de\/uber-uns\/\",\"url\":\"https:\/\/casadigiobb.it\/de\/uber-uns\/\",\"name\":\"\u00fcber uns - Casa di Gio B&amp;B\",\"isPartOf\":{\"@id\":\"https:\/\/casadigiobb.it\/#website\"},\"primaryImageOfPage\":{\"@id\":\"https:\/\/casadigiobb.it\/de\/uber-uns\/#primaryimage\"},\"image\":{\"@id\":\"https:\/\/casadigiobb.it\/de\/uber-uns\/#primaryimage\"},\"thumbnailUrl\":\"https:\/\/casadigiobb.it\/wp-content\/uploads\/2017\/02\/slider-1-3.jpg\",\"datePublished\":\"2019-07-25T11:44:44+00:00\",\"dateModified\":\"2022-03-11T16:28:17+00:00\",\"description\":\"Siamo Giovanni e Anna e nel 2021 abbiamo creato il B&B la Casa di Gi\u00f2. Il nostro \u00e8 un B&B completamente nuovo, con 4 camere matrimoniali.\",\"breadcrumb\":{\"@id\":\"https:\/\/casadigiobb.it\/de\/uber-uns\/#breadcrumb\"},\"inLanguage\":\"de\",\"potentialAction\":[{\"@type\":\"ReadAction\",\"target\":[\"https:\/\/casadigiobb.it\/de\/uber-uns\/\"]}]},{\"@type\":\"ImageObject\",\"inLanguage\":\"de\",\"@id\":\"https:\/\/casadigiobb.it\/de\/uber-uns\/#primaryimage\",\"url\":\"https:\/\/casadigiobb.it\/wp-content\/uploads\/2017\/02\/slider-1-3.jpg\",\"contentUrl\":\"https:\/\/casadigiobb.it\/wp-content\/uploads\/2017\/02\/slider-1-3.jpg\",\"width\":1920,\"height\":1080},{\"@type\":\"BreadcrumbList\",\"@id\":\"https:\/\/casadigiobb.it\/de\/uber-uns\/#breadcrumb\",\"itemListElement\":[{\"@type\":\"ListItem\",\"position\":1,\"name\":\"Home\",\"item\":\"https:\/\/casadigiobb.it\/de\/camere\/\"},{\"@type\":\"ListItem\",\"position\":2,\"name\":\"\u00fcber uns\"}]},{\"@type\":\"WebSite\",\"@id\":\"https:\/\/casadigiobb.it\/#website\",\"url\":\"https:\/\/casadigiobb.it\/\",\"name\":\"Casa di Gio B&amp;B\",\"description\":\"B&amp;B San Giovanni al Natisone\",\"potentialAction\":[{\"@type\":\"SearchAction\",\"target\":{\"@type\":\"EntryPoint\",\"urlTemplate\":\"https:\/\/casadigiobb.it\/?s={search_term_string}\"},\"query-input\":{\"@type\":\"PropertyValueSpecification\",\"valueRequired\":true,\"valueName\":\"search_term_string\"}}],\"inLanguage\":\"de\"}]}<\/script>\n<!-- \/ Yoast SEO plugin. -->","yoast_head_json":{"title":"\u00fcber uns - Casa di Gio B&amp;B","description":"Siamo Giovanni e Anna e nel 2021 abbiamo creato il B&B la Casa di Gi\u00f2. Il nostro \u00e8 un B&B completamente nuovo, con 4 camere matrimoniali.","robots":{"index":"index","follow":"follow","max-snippet":"max-snippet:-1","max-image-preview":"max-image-preview:large","max-video-preview":"max-video-preview:-1"},"canonical":"https:\/\/casadigiobb.it\/de\/uber-uns\/","og_locale":"de_DE","og_type":"article","og_title":"\u00fcber uns - Casa di Gio B&amp;B","og_description":"Siamo Giovanni e Anna e nel 2021 abbiamo creato il B&B la Casa di Gi\u00f2. Il nostro \u00e8 un B&B completamente nuovo, con 4 camere matrimoniali.","og_url":"https:\/\/casadigiobb.it\/de\/uber-uns\/","og_site_name":"Casa di Gio B&amp;B","article_modified_time":"2022-03-11T16:28:17+00:00","og_image":[{"width":1920,"height":1080,"url":"https:\/\/casadigiobb.it\/wp-content\/uploads\/2017\/02\/slider-1-3.jpg","type":"image\/jpeg"}],"twitter_card":"summary_large_image","twitter_misc":{"Gesch\u00e4tzte Lesezeit":"2\u00a0Minuten"},"schema":{"@context":"https:\/\/schema.org","@graph":[{"@type":"WebPage","@id":"https:\/\/casadigiobb.it\/de\/uber-uns\/","url":"https:\/\/casadigiobb.it\/de\/uber-uns\/","name":"\u00fcber uns - Casa di Gio B&amp;B","isPartOf":{"@id":"https:\/\/casadigiobb.it\/#website"},"primaryImageOfPage":{"@id":"https:\/\/casadigiobb.it\/de\/uber-uns\/#primaryimage"},"image":{"@id":"https:\/\/casadigiobb.it\/de\/uber-uns\/#primaryimage"},"thumbnailUrl":"https:\/\/casadigiobb.it\/wp-content\/uploads\/2017\/02\/slider-1-3.jpg","datePublished":"2019-07-25T11:44:44+00:00","dateModified":"2022-03-11T16:28:17+00:00","description":"Siamo Giovanni e Anna e nel 2021 abbiamo creato il B&B la Casa di Gi\u00f2. Il nostro \u00e8 un B&B completamente nuovo, con 4 camere matrimoniali.","breadcrumb":{"@id":"https:\/\/casadigiobb.it\/de\/uber-uns\/#breadcrumb"},"inLanguage":"de","potentialAction":[{"@type":"ReadAction","target":["https:\/\/casadigiobb.it\/de\/uber-uns\/"]}]},{"@type":"ImageObject","inLanguage":"de","@id":"https:\/\/casadigiobb.it\/de\/uber-uns\/#primaryimage","url":"https:\/\/casadigiobb.it\/wp-content\/uploads\/2017\/02\/slider-1-3.jpg","contentUrl":"https:\/\/casadigiobb.it\/wp-content\/uploads\/2017\/02\/slider-1-3.jpg","width":1920,"height":1080},{"@type":"BreadcrumbList","@id":"https:\/\/casadigiobb.it\/de\/uber-uns\/#breadcrumb","itemListElement":[{"@type":"ListItem","position":1,"name":"Home","item":"https:\/\/casadigiobb.it\/de\/camere\/"},{"@type":"ListItem","position":2,"name":"\u00fcber uns"}]},{"@type":"WebSite","@id":"https:\/\/casadigiobb.it\/#website","url":"https:\/\/casadigiobb.it\/","name":"Casa di Gio B&amp;B","description":"B&amp;B San Giovanni al Natisone","potentialAction":[{"@type":"SearchAction","target":{"@type":"EntryPoint","urlTemplate":"https:\/\/casadigiobb.it\/?s={search_term_string}"},"query-input":{"@type":"PropertyValueSpecification","valueRequired":true,"valueName":"search_term_string"}}],"inLanguage":"de"}]}},"_links":{"self":[{"href":"https:\/\/casadigiobb.it\/de\/wp-json\/wp\/v2\/pages\/4569","targetHints":{"allow":["GET"]}}],"collection":[{"href":"https:\/\/casadigiobb.it\/de\/wp-json\/wp\/v2\/pages"}],"about":[{"href":"https:\/\/casadigiobb.it\/de\/wp-json\/wp\/v2\/types\/page"}],"author":[{"embeddable":true,"href":"https:\/\/casadigiobb.it\/de\/wp-json\/wp\/v2\/users\/1"}],"replies":[{"embeddable":true,"href":"https:\/\/casadigiobb.it\/de\/wp-json\/wp\/v2\/comments?post=4569"}],"version-history":[{"count":4,"href":"https:\/\/casadigiobb.it\/de\/wp-json\/wp\/v2\/pages\/4569\/revisions"}],"predecessor-version":[{"id":4681,"href":"https:\/\/casadigiobb.it\/de\/wp-json\/wp\/v2\/pages\/4569\/revisions\/4681"}],"wp:featuredmedia":[{"embeddable":true,"href":"https:\/\/casadigiobb.it\/de\/wp-json\/wp\/v2\/media\/4116"}],"wp:attachment":[{"href":"https:\/\/casadigiobb.it\/de\/wp-json\/wp\/v2\/media?parent=4569"}],"curies":[{"name":"wp","href":"https:\/\/api.w.org\/{rel}","templated":true}]}}