{"id":4649,"date":"2022-02-08T20:05:23","date_gmt":"2022-02-08T19:05:23","guid":{"rendered":"https:\/\/casadigiobb.it\/camera-c\/"},"modified":"2024-01-12T16:23:05","modified_gmt":"2024-01-12T15:23:05","slug":"zimmer-c","status":"publish","type":"page","link":"https:\/\/casadigiobb.it\/de\/zimmer-c\/","title":{"rendered":"Zimmer C"},"content":{"rendered":"\t\t<div data-elementor-type=\"wp-page\" data-elementor-id=\"4649\" class=\"elementor elementor-4649\">\n\t\t\t\t\t\t<section class=\"elementor-section elementor-top-section elementor-element elementor-element-efe7ffa elementor-section-boxed elementor-section-height-default elementor-section-height-default\" data-id=\"efe7ffa\" data-element_type=\"section\">\n\t\t\t\t\t\t<div class=\"elementor-container elementor-column-gap-default\">\n\t\t\t\t\t<div class=\"elementor-column elementor-col-66 elementor-top-column elementor-element elementor-element-0b8403c\" data-id=\"0b8403c\" data-element_type=\"column\">\n\t\t\t<div class=\"elementor-widget-wrap elementor-element-populated\">\n\t\t\t\t\t\t<div class=\"elementor-element elementor-element-467967a elementor-widget elementor-widget-image\" data-id=\"467967a\" data-element_type=\"widget\" data-widget_type=\"image.default\">\n\t\t\t\t<div class=\"elementor-widget-container\">\n\t\t\t\t\t\t\t\t\t\t\t\t\t\t\t<img fetchpriority=\"high\" decoding=\"async\" width=\"1000\" height=\"667\" src=\"https:\/\/casadigiobb.it\/wp-content\/uploads\/2021\/12\/cameraC.jpg\" class=\"attachment-full size-full wp-image-3643\" alt=\"\" srcset=\"https:\/\/casadigiobb.it\/wp-content\/uploads\/2021\/12\/cameraC.jpg 1000w, https:\/\/casadigiobb.it\/wp-content\/uploads\/2021\/12\/cameraC-300x200.jpg 300w, https:\/\/casadigiobb.it\/wp-content\/uploads\/2021\/12\/cameraC-768x512.jpg 768w, https:\/\/casadigiobb.it\/wp-content\/uploads\/2021\/12\/cameraC-844x563.jpg 844w, https:\/\/casadigiobb.it\/wp-content\/uploads\/2021\/12\/cameraC-370x247.jpg 370w, https:\/\/casadigiobb.it\/wp-content\/uploads\/2021\/12\/cameraC-358x239.jpg 358w, https:\/\/casadigiobb.it\/wp-content\/uploads\/2021\/12\/cameraC-253x169.jpg 253w, https:\/\/casadigiobb.it\/wp-content\/uploads\/2021\/12\/cameraC-472x315.jpg 472w, https:\/\/casadigiobb.it\/wp-content\/uploads\/2021\/12\/cameraC-570x380.jpg 570w, https:\/\/casadigiobb.it\/wp-content\/uploads\/2021\/12\/cameraC-145x97.jpg 145w\" sizes=\"(max-width: 1000px) 100vw, 1000px\" \/>\t\t\t\t\t\t\t\t\t\t\t\t\t\t\t<\/div>\n\t\t\t\t<\/div>\n\t\t\t\t<div class=\"elementor-element elementor-element-2ded184 elementor-widget elementor-widget-image-gallery\" data-id=\"2ded184\" data-element_type=\"widget\" data-widget_type=\"image-gallery.default\">\n\t\t\t\t<div class=\"elementor-widget-container\">\n\t\t\t\t\t\t\t<div class=\"elementor-image-gallery\">\n\t\t\t<div id='gallery-1' class='gallery galleryid-4649 gallery-columns-3 gallery-size-bestel-rooms-big'><figure class='gallery-item'>\n\t\t\t<div class='gallery-icon landscape'>\n\t\t\t\t<a data-elementor-open-lightbox=\"yes\" data-elementor-lightbox-slideshow=\"2ded184\" data-elementor-lightbox-title=\"cameraC2\" data-e-action-hash=\"#elementor-action%3Aaction%3Dlightbox%26settings%3DeyJpZCI6NDQ5MCwidXJsIjoiaHR0cHM6XC9cL2Nhc2FkaWdpb2JiLml0XC93cC1jb250ZW50XC91cGxvYWRzXC8yMDIxXC8xMlwvY2FtZXJhQzItMS5qcGciLCJzbGlkZXNob3ciOiIyZGVkMTg0In0%3D\" href='https:\/\/casadigiobb.it\/wp-content\/uploads\/2021\/12\/cameraC2-1.jpg'><img decoding=\"async\" width=\"570\" height=\"380\" src=\"https:\/\/casadigiobb.it\/wp-content\/uploads\/2021\/12\/cameraC2-1-570x380.jpg\" class=\"attachment-bestel-rooms-big size-bestel-rooms-big\" alt=\"\" srcset=\"https:\/\/casadigiobb.it\/wp-content\/uploads\/2021\/12\/cameraC2-1-570x380.jpg 570w, https:\/\/casadigiobb.it\/wp-content\/uploads\/2021\/12\/cameraC2-1-300x200.jpg 300w, https:\/\/casadigiobb.it\/wp-content\/uploads\/2021\/12\/cameraC2-1-768x512.jpg 768w, https:\/\/casadigiobb.it\/wp-content\/uploads\/2021\/12\/cameraC2-1-844x563.jpg 844w, https:\/\/casadigiobb.it\/wp-content\/uploads\/2021\/12\/cameraC2-1-370x247.jpg 370w, https:\/\/casadigiobb.it\/wp-content\/uploads\/2021\/12\/cameraC2-1-358x239.jpg 358w, https:\/\/casadigiobb.it\/wp-content\/uploads\/2021\/12\/cameraC2-1-253x169.jpg 253w, https:\/\/casadigiobb.it\/wp-content\/uploads\/2021\/12\/cameraC2-1-472x315.jpg 472w, https:\/\/casadigiobb.it\/wp-content\/uploads\/2021\/12\/cameraC2-1-145x97.jpg 145w, https:\/\/casadigiobb.it\/wp-content\/uploads\/2021\/12\/cameraC2-1.jpg 1000w\" sizes=\"(max-width: 570px) 100vw, 570px\" \/><\/a>\n\t\t\t<\/div><\/figure><figure class='gallery-item'>\n\t\t\t<div class='gallery-icon landscape'>\n\t\t\t\t<a data-elementor-open-lightbox=\"yes\" data-elementor-lightbox-slideshow=\"2ded184\" data-elementor-lightbox-title=\"cucinino\" data-e-action-hash=\"#elementor-action%3Aaction%3Dlightbox%26settings%3DeyJpZCI6NDQ4OCwidXJsIjoiaHR0cHM6XC9cL2Nhc2FkaWdpb2JiLml0XC93cC1jb250ZW50XC91cGxvYWRzXC8yMDIxXC8xMlwvY3VjaW5pbm8tMS5qcGciLCJzbGlkZXNob3ciOiIyZGVkMTg0In0%3D\" href='https:\/\/casadigiobb.it\/wp-content\/uploads\/2021\/12\/cucinino-1.jpg'><img decoding=\"async\" width=\"570\" height=\"380\" src=\"https:\/\/casadigiobb.it\/wp-content\/uploads\/2021\/12\/cucinino-1-570x380.jpg\" class=\"attachment-bestel-rooms-big size-bestel-rooms-big\" alt=\"\" srcset=\"https:\/\/casadigiobb.it\/wp-content\/uploads\/2021\/12\/cucinino-1-570x380.jpg 570w, https:\/\/casadigiobb.it\/wp-content\/uploads\/2021\/12\/cucinino-1-300x200.jpg 300w, https:\/\/casadigiobb.it\/wp-content\/uploads\/2021\/12\/cucinino-1-768x512.jpg 768w, https:\/\/casadigiobb.it\/wp-content\/uploads\/2021\/12\/cucinino-1-844x563.jpg 844w, https:\/\/casadigiobb.it\/wp-content\/uploads\/2021\/12\/cucinino-1-370x247.jpg 370w, https:\/\/casadigiobb.it\/wp-content\/uploads\/2021\/12\/cucinino-1-358x239.jpg 358w, https:\/\/casadigiobb.it\/wp-content\/uploads\/2021\/12\/cucinino-1-253x169.jpg 253w, https:\/\/casadigiobb.it\/wp-content\/uploads\/2021\/12\/cucinino-1-472x315.jpg 472w, https:\/\/casadigiobb.it\/wp-content\/uploads\/2021\/12\/cucinino-1-145x97.jpg 145w, https:\/\/casadigiobb.it\/wp-content\/uploads\/2021\/12\/cucinino-1.jpg 1000w\" sizes=\"(max-width: 570px) 100vw, 570px\" \/><\/a>\n\t\t\t<\/div><\/figure><figure class='gallery-item'>\n\t\t\t<div class='gallery-icon landscape'>\n\t\t\t\t<a data-elementor-open-lightbox=\"yes\" data-elementor-lightbox-slideshow=\"2ded184\" data-elementor-lightbox-title=\"bagno\" data-e-action-hash=\"#elementor-action%3Aaction%3Dlightbox%26settings%3DeyJpZCI6NDQ3MCwidXJsIjoiaHR0cHM6XC9cL2Nhc2FkaWdpb2JiLml0XC93cC1jb250ZW50XC91cGxvYWRzXC8yMDIyXC8wMVwvYmFnbm8uanBnIiwic2xpZGVzaG93IjoiMmRlZDE4NCJ9\" href='https:\/\/casadigiobb.it\/wp-content\/uploads\/2022\/01\/bagno.jpg'><img loading=\"lazy\" decoding=\"async\" width=\"570\" height=\"380\" src=\"https:\/\/casadigiobb.it\/wp-content\/uploads\/2022\/01\/bagno-570x380.jpg\" class=\"attachment-bestel-rooms-big size-bestel-rooms-big\" alt=\"\" srcset=\"https:\/\/casadigiobb.it\/wp-content\/uploads\/2022\/01\/bagno-570x380.jpg 570w, https:\/\/casadigiobb.it\/wp-content\/uploads\/2022\/01\/bagno-300x200.jpg 300w, https:\/\/casadigiobb.it\/wp-content\/uploads\/2022\/01\/bagno-768x512.jpg 768w, https:\/\/casadigiobb.it\/wp-content\/uploads\/2022\/01\/bagno-844x563.jpg 844w, https:\/\/casadigiobb.it\/wp-content\/uploads\/2022\/01\/bagno-370x247.jpg 370w, https:\/\/casadigiobb.it\/wp-content\/uploads\/2022\/01\/bagno-358x239.jpg 358w, https:\/\/casadigiobb.it\/wp-content\/uploads\/2022\/01\/bagno-253x169.jpg 253w, https:\/\/casadigiobb.it\/wp-content\/uploads\/2022\/01\/bagno-472x315.jpg 472w, https:\/\/casadigiobb.it\/wp-content\/uploads\/2022\/01\/bagno-145x97.jpg 145w, https:\/\/casadigiobb.it\/wp-content\/uploads\/2022\/01\/bagno.jpg 1000w\" sizes=\"(max-width: 570px) 100vw, 570px\" \/><\/a>\n\t\t\t<\/div><\/figure>\n\t\t<\/div>\n\t\t<\/div>\n\t\t\t\t\t\t<\/div>\n\t\t\t\t<\/div>\n\t\t\t\t\t<\/div>\n\t\t<\/div>\n\t\t\t\t<div class=\"elementor-column elementor-col-33 elementor-top-column elementor-element elementor-element-0fa571d\" data-id=\"0fa571d\" data-element_type=\"column\">\n\t\t\t<div class=\"elementor-widget-wrap elementor-element-populated\">\n\t\t\t\t\t\t<div class=\"elementor-element elementor-element-c222e34 elementor-widget elementor-widget-text-editor\" data-id=\"c222e34\" data-element_type=\"widget\" data-widget_type=\"text-editor.default\">\n\t\t\t\t<div class=\"elementor-widget-container\">\n\t\t\t\t\t\t\t\t\t<ul><li><ul><li>Ab\u00a060 \u20ac\u00a0\/ nacht<\/li><li>2 Einzelbetten<\/li><li>Anzahl der Personen: 2<\/li><li>Quadratmeter: 12 qm<\/li><\/ul><div>Zweibettzimmer mit Balkon und eigenem Bad.<br \/>S\u00fc\u00dfes Fr\u00fchst\u00fcck inklusive, herzhaftes Fr\u00fchst\u00fcck auf Anfrage gegen einen Aufpreis von 5 Euro.<\/div><\/li><\/ul>\t\t\t\t\t\t\t\t<\/div>\n\t\t\t\t<\/div>\n\t\t\t\t<div class=\"elementor-element elementor-element-4f3bf3b elementor-widget elementor-widget-button\" data-id=\"4f3bf3b\" data-element_type=\"widget\" data-widget_type=\"button.default\">\n\t\t\t\t<div class=\"elementor-widget-container\">\n\t\t\t\t\t\t\t\t\t<div class=\"elementor-button-wrapper\">\n\t\t\t\t\t<a class=\"elementor-button elementor-button-link elementor-size-sm\" href=\"https:\/\/casadigio.kross.travel\/\" target=\"_blank\" rel=\"nofollow\">\n\t\t\t\t\t\t<span class=\"elementor-button-content-wrapper\">\n\t\t\t\t\t\t\t\t\t<span class=\"elementor-button-text\">Verf\u00fcgbarkeit pr\u00fcfen und buchen<\/span>\n\t\t\t\t\t<\/span>\n\t\t\t\t\t<\/a>\n\t\t\t\t<\/div>\n\t\t\t\t\t\t\t\t<\/div>\n\t\t\t\t<\/div>\n\t\t\t\t<div class=\"elementor-element elementor-element-aa3d425 elementor-widget elementor-widget-text-editor\" data-id=\"aa3d425\" data-element_type=\"widget\" data-widget_type=\"text-editor.default\">\n\t\t\t\t<div class=\"elementor-widget-container\">\n\t\t\t\t\t\t\t\t\t<p><strong>Ausr\u00fcstung:<\/strong><\/p><ul><li>Haartrockner und Courtesy Set<\/li><li>Klimaanlage<\/li><li>Smart TV<\/li><li>F\u00fcr Kleinkinder sind Hochst\u00fchle und Kinderbetten vorhanden<\/li><li>Gratis Parkpl\u00e4tze<\/li><\/ul><p><b>Check in und Check out:<\/b><\/p><ul><li>Check-in ab 11.00 Uhr, Check-out um 10.00 Uhr<\/li><li>21. Sp\u00e4terer Check-in und Check-out: nach Absprache und Verf\u00fcgbarkeit<\/li><\/ul><p><b>Bedingungen:<\/b><\/p><ul><li>Reinigung alle 3 Tage, Handtuchwechsel t\u00e4glich, Bettw\u00e4schewechsel alle 6 Tage<\/li><li>Miete f\u00fcr l\u00e4ngere Zeitr\u00e4ume nach Vereinbarung<\/li><li>In den Zimmern ist das Rauchen verboten, Rauchern steht die Terrasse zum Rauchen zur Verf\u00fcgung<\/li><li>Kleine Haustiere sind bei uns willkommen<\/li><\/ul>\t\t\t\t\t\t\t\t<\/div>\n\t\t\t\t<\/div>\n\t\t\t\t\t<\/div>\n\t\t<\/div>\n\t\t\t\t\t<\/div>\n\t\t<\/section>\n\t\t\t\t<\/div>\n\t\t","protected":false},"excerpt":{"rendered":"<p>Ab\u00a060 \u20ac\u00a0\/ nacht 2 Einzelbetten Anzahl der Personen: 2 Quadratmeter: 12 qm Zweibettzimmer mit Balkon und eigenem Bad. S\u00fc\u00dfes Fr\u00fchst\u00fcck inklusive, herzhaftes Fr\u00fchst\u00fcck auf Anfrage gegen einen Aufpreis von 5 Euro. Verf\u00fcgbarkeit pr\u00fcfen und buchen Ausr\u00fcstung: Haartrockner und Courtesy Set Klimaanlage Smart TV F\u00fcr Kleinkinder sind Hochst\u00fchle und Kinderbetten vorhanden Gratis Parkpl\u00e4tze Check in und<\/p>\n","protected":false},"author":1,"featured_media":0,"parent":0,"menu_order":0,"comment_status":"closed","ping_status":"closed","template":"","meta":{"footnotes":""},"class_list":["post-4649","page","type-page","status-publish","hentry"],"yoast_head":"<!-- This site is optimized with the Yoast SEO plugin v26.7 - https:\/\/yoast.com\/wordpress\/plugins\/seo\/ -->\n<title>Zimmer C - Casa di Gio B&amp;B<\/title>\n<meta name=\"robots\" content=\"index, follow, max-snippet:-1, max-image-preview:large, max-video-preview:-1\" \/>\n<link rel=\"canonical\" href=\"https:\/\/casadigiobb.it\/de\/zimmer-c\/\" \/>\n<meta property=\"og:locale\" content=\"de_DE\" \/>\n<meta property=\"og:type\" content=\"article\" \/>\n<meta property=\"og:title\" content=\"Zimmer C - Casa di Gio B&amp;B\" \/>\n<meta property=\"og:description\" content=\"Ab\u00a060 \u20ac\u00a0\/ nacht 2 Einzelbetten Anzahl der Personen: 2 Quadratmeter: 12 qm Zweibettzimmer mit Balkon und eigenem Bad. S\u00fc\u00dfes Fr\u00fchst\u00fcck inklusive, herzhaftes Fr\u00fchst\u00fcck auf Anfrage gegen einen Aufpreis von 5 Euro. Verf\u00fcgbarkeit pr\u00fcfen und buchen Ausr\u00fcstung: Haartrockner und Courtesy Set Klimaanlage Smart TV F\u00fcr Kleinkinder sind Hochst\u00fchle und Kinderbetten vorhanden Gratis Parkpl\u00e4tze Check in und\" \/>\n<meta property=\"og:url\" content=\"https:\/\/casadigiobb.it\/de\/zimmer-c\/\" \/>\n<meta property=\"og:site_name\" content=\"Casa di Gio B&amp;B\" \/>\n<meta property=\"article:modified_time\" content=\"2024-01-12T15:23:05+00:00\" \/>\n<meta property=\"og:image\" content=\"https:\/\/casadigiobb.it\/wp-content\/uploads\/2021\/12\/cameraC.jpg\" \/>\n<meta name=\"twitter:card\" content=\"summary_large_image\" \/>\n<meta name=\"twitter:label1\" content=\"Gesch\u00e4tzte Lesezeit\" \/>\n\t<meta name=\"twitter:data1\" content=\"2\u00a0Minuten\" \/>\n<script type=\"application\/ld+json\" class=\"yoast-schema-graph\">{\"@context\":\"https:\/\/schema.org\",\"@graph\":[{\"@type\":\"WebPage\",\"@id\":\"https:\/\/casadigiobb.it\/de\/zimmer-c\/\",\"url\":\"https:\/\/casadigiobb.it\/de\/zimmer-c\/\",\"name\":\"Zimmer C - Casa di Gio B&amp;B\",\"isPartOf\":{\"@id\":\"https:\/\/casadigiobb.it\/#website\"},\"primaryImageOfPage\":{\"@id\":\"https:\/\/casadigiobb.it\/de\/zimmer-c\/#primaryimage\"},\"image\":{\"@id\":\"https:\/\/casadigiobb.it\/de\/zimmer-c\/#primaryimage\"},\"thumbnailUrl\":\"https:\/\/casadigiobb.it\/wp-content\/uploads\/2021\/12\/cameraC.jpg\",\"datePublished\":\"2022-02-08T19:05:23+00:00\",\"dateModified\":\"2024-01-12T15:23:05+00:00\",\"breadcrumb\":{\"@id\":\"https:\/\/casadigiobb.it\/de\/zimmer-c\/#breadcrumb\"},\"inLanguage\":\"de\",\"potentialAction\":[{\"@type\":\"ReadAction\",\"target\":[\"https:\/\/casadigiobb.it\/de\/zimmer-c\/\"]}]},{\"@type\":\"ImageObject\",\"inLanguage\":\"de\",\"@id\":\"https:\/\/casadigiobb.it\/de\/zimmer-c\/#primaryimage\",\"url\":\"https:\/\/casadigiobb.it\/wp-content\/uploads\/2021\/12\/cameraC.jpg\",\"contentUrl\":\"https:\/\/casadigiobb.it\/wp-content\/uploads\/2021\/12\/cameraC.jpg\"},{\"@type\":\"BreadcrumbList\",\"@id\":\"https:\/\/casadigiobb.it\/de\/zimmer-c\/#breadcrumb\",\"itemListElement\":[{\"@type\":\"ListItem\",\"position\":1,\"name\":\"Home\",\"item\":\"https:\/\/casadigiobb.it\/de\/camere\/\"},{\"@type\":\"ListItem\",\"position\":2,\"name\":\"Zimmer C\"}]},{\"@type\":\"WebSite\",\"@id\":\"https:\/\/casadigiobb.it\/#website\",\"url\":\"https:\/\/casadigiobb.it\/\",\"name\":\"Casa di Gio B&amp;B\",\"description\":\"B&amp;B San Giovanni al Natisone\",\"potentialAction\":[{\"@type\":\"SearchAction\",\"target\":{\"@type\":\"EntryPoint\",\"urlTemplate\":\"https:\/\/casadigiobb.it\/?s={search_term_string}\"},\"query-input\":{\"@type\":\"PropertyValueSpecification\",\"valueRequired\":true,\"valueName\":\"search_term_string\"}}],\"inLanguage\":\"de\"}]}<\/script>\n<!-- \/ Yoast SEO plugin. -->","yoast_head_json":{"title":"Zimmer C - Casa di Gio B&amp;B","robots":{"index":"index","follow":"follow","max-snippet":"max-snippet:-1","max-image-preview":"max-image-preview:large","max-video-preview":"max-video-preview:-1"},"canonical":"https:\/\/casadigiobb.it\/de\/zimmer-c\/","og_locale":"de_DE","og_type":"article","og_title":"Zimmer C - Casa di Gio B&amp;B","og_description":"Ab\u00a060 \u20ac\u00a0\/ nacht 2 Einzelbetten Anzahl der Personen: 2 Quadratmeter: 12 qm Zweibettzimmer mit Balkon und eigenem Bad. S\u00fc\u00dfes Fr\u00fchst\u00fcck inklusive, herzhaftes Fr\u00fchst\u00fcck auf Anfrage gegen einen Aufpreis von 5 Euro. Verf\u00fcgbarkeit pr\u00fcfen und buchen Ausr\u00fcstung: Haartrockner und Courtesy Set Klimaanlage Smart TV F\u00fcr Kleinkinder sind Hochst\u00fchle und Kinderbetten vorhanden Gratis Parkpl\u00e4tze Check in und","og_url":"https:\/\/casadigiobb.it\/de\/zimmer-c\/","og_site_name":"Casa di Gio B&amp;B","article_modified_time":"2024-01-12T15:23:05+00:00","og_image":[{"url":"https:\/\/casadigiobb.it\/wp-content\/uploads\/2021\/12\/cameraC.jpg","type":"","width":"","height":""}],"twitter_card":"summary_large_image","twitter_misc":{"Gesch\u00e4tzte Lesezeit":"2\u00a0Minuten"},"schema":{"@context":"https:\/\/schema.org","@graph":[{"@type":"WebPage","@id":"https:\/\/casadigiobb.it\/de\/zimmer-c\/","url":"https:\/\/casadigiobb.it\/de\/zimmer-c\/","name":"Zimmer C - Casa di Gio B&amp;B","isPartOf":{"@id":"https:\/\/casadigiobb.it\/#website"},"primaryImageOfPage":{"@id":"https:\/\/casadigiobb.it\/de\/zimmer-c\/#primaryimage"},"image":{"@id":"https:\/\/casadigiobb.it\/de\/zimmer-c\/#primaryimage"},"thumbnailUrl":"https:\/\/casadigiobb.it\/wp-content\/uploads\/2021\/12\/cameraC.jpg","datePublished":"2022-02-08T19:05:23+00:00","dateModified":"2024-01-12T15:23:05+00:00","breadcrumb":{"@id":"https:\/\/casadigiobb.it\/de\/zimmer-c\/#breadcrumb"},"inLanguage":"de","potentialAction":[{"@type":"ReadAction","target":["https:\/\/casadigiobb.it\/de\/zimmer-c\/"]}]},{"@type":"ImageObject","inLanguage":"de","@id":"https:\/\/casadigiobb.it\/de\/zimmer-c\/#primaryimage","url":"https:\/\/casadigiobb.it\/wp-content\/uploads\/2021\/12\/cameraC.jpg","contentUrl":"https:\/\/casadigiobb.it\/wp-content\/uploads\/2021\/12\/cameraC.jpg"},{"@type":"BreadcrumbList","@id":"https:\/\/casadigiobb.it\/de\/zimmer-c\/#breadcrumb","itemListElement":[{"@type":"ListItem","position":1,"name":"Home","item":"https:\/\/casadigiobb.it\/de\/camere\/"},{"@type":"ListItem","position":2,"name":"Zimmer C"}]},{"@type":"WebSite","@id":"https:\/\/casadigiobb.it\/#website","url":"https:\/\/casadigiobb.it\/","name":"Casa di Gio B&amp;B","description":"B&amp;B San Giovanni al Natisone","potentialAction":[{"@type":"SearchAction","target":{"@type":"EntryPoint","urlTemplate":"https:\/\/casadigiobb.it\/?s={search_term_string}"},"query-input":{"@type":"PropertyValueSpecification","valueRequired":true,"valueName":"search_term_string"}}],"inLanguage":"de"}]}},"_links":{"self":[{"href":"https:\/\/casadigiobb.it\/de\/wp-json\/wp\/v2\/pages\/4649","targetHints":{"allow":["GET"]}}],"collection":[{"href":"https:\/\/casadigiobb.it\/de\/wp-json\/wp\/v2\/pages"}],"about":[{"href":"https:\/\/casadigiobb.it\/de\/wp-json\/wp\/v2\/types\/page"}],"author":[{"embeddable":true,"href":"https:\/\/casadigiobb.it\/de\/wp-json\/wp\/v2\/users\/1"}],"replies":[{"embeddable":true,"href":"https:\/\/casadigiobb.it\/de\/wp-json\/wp\/v2\/comments?post=4649"}],"version-history":[{"count":21,"href":"https:\/\/casadigiobb.it\/de\/wp-json\/wp\/v2\/pages\/4649\/revisions"}],"predecessor-version":[{"id":4900,"href":"https:\/\/casadigiobb.it\/de\/wp-json\/wp\/v2\/pages\/4649\/revisions\/4900"}],"wp:attachment":[{"href":"https:\/\/casadigiobb.it\/de\/wp-json\/wp\/v2\/media?parent=4649"}],"curies":[{"name":"wp","href":"https:\/\/api.w.org\/{rel}","templated":true}]}}