{"id":4710,"date":"2022-02-08T20:18:23","date_gmt":"2022-02-08T19:18:23","guid":{"rendered":"https:\/\/casadigiobb.it\/camera-b\/"},"modified":"2024-01-12T16:23:26","modified_gmt":"2024-01-12T15:23:26","slug":"zimmer-b","status":"publish","type":"page","link":"https:\/\/casadigiobb.it\/de\/zimmer-b\/","title":{"rendered":"Zimmer B"},"content":{"rendered":"\t\t<div data-elementor-type=\"wp-page\" data-elementor-id=\"4710\" class=\"elementor elementor-4710\">\n\t\t\t\t\t\t<section class=\"elementor-section elementor-top-section elementor-element elementor-element-efe7ffa elementor-section-boxed elementor-section-height-default elementor-section-height-default\" data-id=\"efe7ffa\" data-element_type=\"section\">\n\t\t\t\t\t\t<div class=\"elementor-container elementor-column-gap-default\">\n\t\t\t\t\t<div class=\"elementor-column elementor-col-66 elementor-top-column elementor-element elementor-element-0b8403c\" data-id=\"0b8403c\" data-element_type=\"column\">\n\t\t\t<div class=\"elementor-widget-wrap elementor-element-populated\">\n\t\t\t\t\t\t<div class=\"elementor-element elementor-element-467967a elementor-widget elementor-widget-image\" data-id=\"467967a\" data-element_type=\"widget\" data-widget_type=\"image.default\">\n\t\t\t\t<div class=\"elementor-widget-container\">\n\t\t\t\t\t\t\t\t\t\t\t\t\t\t\t<img fetchpriority=\"high\" decoding=\"async\" width=\"1000\" height=\"667\" src=\"https:\/\/casadigiobb.it\/wp-content\/uploads\/2021\/12\/cameraB.jpg\" class=\"attachment-full size-full wp-image-3640\" alt=\"\" srcset=\"https:\/\/casadigiobb.it\/wp-content\/uploads\/2021\/12\/cameraB.jpg 1000w, https:\/\/casadigiobb.it\/wp-content\/uploads\/2021\/12\/cameraB-300x200.jpg 300w, https:\/\/casadigiobb.it\/wp-content\/uploads\/2021\/12\/cameraB-768x512.jpg 768w, https:\/\/casadigiobb.it\/wp-content\/uploads\/2021\/12\/cameraB-844x563.jpg 844w, https:\/\/casadigiobb.it\/wp-content\/uploads\/2021\/12\/cameraB-370x247.jpg 370w, https:\/\/casadigiobb.it\/wp-content\/uploads\/2021\/12\/cameraB-358x239.jpg 358w, https:\/\/casadigiobb.it\/wp-content\/uploads\/2021\/12\/cameraB-253x169.jpg 253w, https:\/\/casadigiobb.it\/wp-content\/uploads\/2021\/12\/cameraB-472x315.jpg 472w, https:\/\/casadigiobb.it\/wp-content\/uploads\/2021\/12\/cameraB-570x380.jpg 570w, https:\/\/casadigiobb.it\/wp-content\/uploads\/2021\/12\/cameraB-145x97.jpg 145w\" sizes=\"(max-width: 1000px) 100vw, 1000px\" \/>\t\t\t\t\t\t\t\t\t\t\t\t\t\t\t<\/div>\n\t\t\t\t<\/div>\n\t\t\t\t<div class=\"elementor-element elementor-element-2ded184 elementor-widget elementor-widget-image-gallery\" data-id=\"2ded184\" data-element_type=\"widget\" data-widget_type=\"image-gallery.default\">\n\t\t\t\t<div class=\"elementor-widget-container\">\n\t\t\t\t\t\t\t<div class=\"elementor-image-gallery\">\n\t\t\t<div id='gallery-1' class='gallery galleryid-4710 gallery-columns-3 gallery-size-bestel-rooms-big'><figure class='gallery-item'>\n\t\t\t<div class='gallery-icon landscape'>\n\t\t\t\t<a data-elementor-open-lightbox=\"yes\" data-elementor-lightbox-slideshow=\"2ded184\" data-elementor-lightbox-title=\"cameraB3\" data-e-action-hash=\"#elementor-action%3Aaction%3Dlightbox%26settings%3DeyJpZCI6NDQ3NiwidXJsIjoiaHR0cHM6XC9cL2Nhc2FkaWdpb2JiLml0XC93cC1jb250ZW50XC91cGxvYWRzXC8yMDIxXC8xMlwvY2FtZXJhQjMuanBnIiwic2xpZGVzaG93IjoiMmRlZDE4NCJ9\" href='https:\/\/casadigiobb.it\/wp-content\/uploads\/2021\/12\/cameraB3.jpg'><img decoding=\"async\" width=\"570\" height=\"380\" src=\"https:\/\/casadigiobb.it\/wp-content\/uploads\/2021\/12\/cameraB3-570x380.jpg\" class=\"attachment-bestel-rooms-big size-bestel-rooms-big\" alt=\"\" srcset=\"https:\/\/casadigiobb.it\/wp-content\/uploads\/2021\/12\/cameraB3-570x380.jpg 570w, https:\/\/casadigiobb.it\/wp-content\/uploads\/2021\/12\/cameraB3-300x200.jpg 300w, https:\/\/casadigiobb.it\/wp-content\/uploads\/2021\/12\/cameraB3-768x512.jpg 768w, https:\/\/casadigiobb.it\/wp-content\/uploads\/2021\/12\/cameraB3-844x563.jpg 844w, https:\/\/casadigiobb.it\/wp-content\/uploads\/2021\/12\/cameraB3-370x247.jpg 370w, https:\/\/casadigiobb.it\/wp-content\/uploads\/2021\/12\/cameraB3-358x239.jpg 358w, https:\/\/casadigiobb.it\/wp-content\/uploads\/2021\/12\/cameraB3-253x169.jpg 253w, https:\/\/casadigiobb.it\/wp-content\/uploads\/2021\/12\/cameraB3-472x315.jpg 472w, https:\/\/casadigiobb.it\/wp-content\/uploads\/2021\/12\/cameraB3-145x97.jpg 145w, https:\/\/casadigiobb.it\/wp-content\/uploads\/2021\/12\/cameraB3.jpg 1000w\" sizes=\"(max-width: 570px) 100vw, 570px\" \/><\/a>\n\t\t\t<\/div><\/figure><figure class='gallery-item'>\n\t\t\t<div class='gallery-icon landscape'>\n\t\t\t\t<a data-elementor-open-lightbox=\"yes\" data-elementor-lightbox-slideshow=\"2ded184\" data-elementor-lightbox-title=\"cameraB2\" data-e-action-hash=\"#elementor-action%3Aaction%3Dlightbox%26settings%3DeyJpZCI6NDQ3OCwidXJsIjoiaHR0cHM6XC9cL2Nhc2FkaWdpb2JiLml0XC93cC1jb250ZW50XC91cGxvYWRzXC8yMDIxXC8xMlwvY2FtZXJhQjIuanBnIiwic2xpZGVzaG93IjoiMmRlZDE4NCJ9\" href='https:\/\/casadigiobb.it\/wp-content\/uploads\/2021\/12\/cameraB2.jpg'><img decoding=\"async\" width=\"570\" height=\"380\" src=\"https:\/\/casadigiobb.it\/wp-content\/uploads\/2021\/12\/cameraB2-570x380.jpg\" class=\"attachment-bestel-rooms-big size-bestel-rooms-big\" alt=\"\" srcset=\"https:\/\/casadigiobb.it\/wp-content\/uploads\/2021\/12\/cameraB2-570x380.jpg 570w, https:\/\/casadigiobb.it\/wp-content\/uploads\/2021\/12\/cameraB2-300x200.jpg 300w, https:\/\/casadigiobb.it\/wp-content\/uploads\/2021\/12\/cameraB2-768x512.jpg 768w, https:\/\/casadigiobb.it\/wp-content\/uploads\/2021\/12\/cameraB2-844x563.jpg 844w, https:\/\/casadigiobb.it\/wp-content\/uploads\/2021\/12\/cameraB2-370x247.jpg 370w, https:\/\/casadigiobb.it\/wp-content\/uploads\/2021\/12\/cameraB2-358x239.jpg 358w, https:\/\/casadigiobb.it\/wp-content\/uploads\/2021\/12\/cameraB2-253x169.jpg 253w, https:\/\/casadigiobb.it\/wp-content\/uploads\/2021\/12\/cameraB2-472x315.jpg 472w, https:\/\/casadigiobb.it\/wp-content\/uploads\/2021\/12\/cameraB2-145x97.jpg 145w, https:\/\/casadigiobb.it\/wp-content\/uploads\/2021\/12\/cameraB2.jpg 1000w\" sizes=\"(max-width: 570px) 100vw, 570px\" \/><\/a>\n\t\t\t<\/div><\/figure><figure class='gallery-item'>\n\t\t\t<div class='gallery-icon landscape'>\n\t\t\t\t<a data-elementor-open-lightbox=\"yes\" data-elementor-lightbox-slideshow=\"2ded184\" data-elementor-lightbox-title=\"cucinino\" data-e-action-hash=\"#elementor-action%3Aaction%3Dlightbox%26settings%3DeyJpZCI6NDQ4MiwidXJsIjoiaHR0cHM6XC9cL2Nhc2FkaWdpb2JiLml0XC93cC1jb250ZW50XC91cGxvYWRzXC8yMDIxXC8xMlwvY3VjaW5pbm8uanBnIiwic2xpZGVzaG93IjoiMmRlZDE4NCJ9\" href='https:\/\/casadigiobb.it\/wp-content\/uploads\/2021\/12\/cucinino.jpg'><img loading=\"lazy\" decoding=\"async\" width=\"570\" height=\"380\" src=\"https:\/\/casadigiobb.it\/wp-content\/uploads\/2021\/12\/cucinino-570x380.jpg\" class=\"attachment-bestel-rooms-big size-bestel-rooms-big\" alt=\"\" srcset=\"https:\/\/casadigiobb.it\/wp-content\/uploads\/2021\/12\/cucinino-570x380.jpg 570w, https:\/\/casadigiobb.it\/wp-content\/uploads\/2021\/12\/cucinino-300x200.jpg 300w, https:\/\/casadigiobb.it\/wp-content\/uploads\/2021\/12\/cucinino-768x512.jpg 768w, https:\/\/casadigiobb.it\/wp-content\/uploads\/2021\/12\/cucinino-844x563.jpg 844w, https:\/\/casadigiobb.it\/wp-content\/uploads\/2021\/12\/cucinino-370x247.jpg 370w, https:\/\/casadigiobb.it\/wp-content\/uploads\/2021\/12\/cucinino-358x239.jpg 358w, https:\/\/casadigiobb.it\/wp-content\/uploads\/2021\/12\/cucinino-253x169.jpg 253w, https:\/\/casadigiobb.it\/wp-content\/uploads\/2021\/12\/cucinino-472x315.jpg 472w, https:\/\/casadigiobb.it\/wp-content\/uploads\/2021\/12\/cucinino-145x97.jpg 145w, https:\/\/casadigiobb.it\/wp-content\/uploads\/2021\/12\/cucinino.jpg 1000w\" sizes=\"(max-width: 570px) 100vw, 570px\" \/><\/a>\n\t\t\t<\/div><\/figure>\n\t\t<\/div>\n\t\t<\/div>\n\t\t\t\t\t\t<\/div>\n\t\t\t\t<\/div>\n\t\t\t\t\t<\/div>\n\t\t<\/div>\n\t\t\t\t<div class=\"elementor-column elementor-col-33 elementor-top-column elementor-element elementor-element-0fa571d\" data-id=\"0fa571d\" data-element_type=\"column\">\n\t\t\t<div class=\"elementor-widget-wrap elementor-element-populated\">\n\t\t\t\t\t\t<div class=\"elementor-element elementor-element-c222e34 elementor-widget elementor-widget-text-editor\" data-id=\"c222e34\" data-element_type=\"widget\" data-widget_type=\"text-editor.default\">\n\t\t\t\t<div class=\"elementor-widget-container\">\n\t\t\t\t\t\t\t\t\t<ul>\n<li>Ab&nbsp;<span style=\"color: #993366;\">70 \u20ac<\/span> \/ nacht &#8211; 35 \u20ac<\/li>\n<li>Doppelbettzimmer zur EZ-Nutzung<\/li>\n<li>Doppelbett<\/li>\n<li><span style=\"color: var( --e-global-color-text ); font-family: var( --e-global-typography-text-font-family ), Sans-serif; font-weight: var( --e-global-typography-text-font-weight ); font-size: 1rem;\">Anzahl der Personen: 2+1<\/span><\/li>\n<li>Quadratmeter: 16 qm<\/li>\n<li>M\u00f6glichkeit eines Zustellbettes<\/li>\n<\/ul>\n<div>\n<div>Doppelzimmer mit Balkon, Kochnische und eigenem Bad. Es besteht die M\u00f6glichkeit, ein drittes Bett oder ein Schlafsofa zuzustellen (Aufpreis 20,00 Euro pro Tag)<\/div>\n<div>S\u00fc\u00dfes Fr\u00fchst\u00fcck inklusive, herzhaftes Fr\u00fchst\u00fcck auf Anfrage gegen einen Aufpreis von 5 Euro.<\/div>\n<\/div>\t\t\t\t\t\t\t\t<\/div>\n\t\t\t\t<\/div>\n\t\t\t\t<div class=\"elementor-element elementor-element-4f3bf3b elementor-widget elementor-widget-button\" data-id=\"4f3bf3b\" data-element_type=\"widget\" data-widget_type=\"button.default\">\n\t\t\t\t<div class=\"elementor-widget-container\">\n\t\t\t\t\t\t\t\t\t<div class=\"elementor-button-wrapper\">\n\t\t\t\t\t<a class=\"elementor-button elementor-button-link elementor-size-sm\" href=\"https:\/\/casadigio.kross.travel\/en\" target=\"_blank\" rel=\"nofollow\">\n\t\t\t\t\t\t<span class=\"elementor-button-content-wrapper\">\n\t\t\t\t\t\t\t\t\t<span class=\"elementor-button-text\">Verf\u00fcgbarkeit pr\u00fcfen und buchen<\/span>\n\t\t\t\t\t<\/span>\n\t\t\t\t\t<\/a>\n\t\t\t\t<\/div>\n\t\t\t\t\t\t\t\t<\/div>\n\t\t\t\t<\/div>\n\t\t\t\t<div class=\"elementor-element elementor-element-aa3d425 elementor-widget elementor-widget-text-editor\" data-id=\"aa3d425\" data-element_type=\"widget\" data-widget_type=\"text-editor.default\">\n\t\t\t\t<div class=\"elementor-widget-container\">\n\t\t\t\t\t\t\t\t\t<p><strong>Ausr\u00fcstung:<\/strong><\/p><ul><li>Haartrockner und Courtesy Set<\/li><li>Klimaanlage<\/li><li>Smart TV<\/li><li>F\u00fcr Kleinkinder sind Hochst\u00fchle und Kinderbetten vorhanden<\/li><li>Gratis Parkpl\u00e4tze<\/li><\/ul><p><b>Check in und Check out:<\/b><\/p><ul><li>Check-in ab 11.00 Uhr, Check-out um 10.00 Uhr<\/li><li>Sp\u00e4terer Check-in und Check-out: nach Absprache und Verf\u00fcgbarkeit<\/li><\/ul><p><b>Bedingungen:<\/b><\/p><ul><li>Reinigung alle 3 Tage, Handtuchwechsel t\u00e4glich, Bettw\u00e4schewechsel alle 6 Tage<\/li><li>Miete f\u00fcr l\u00e4ngere Zeitr\u00e4ume nach Vereinbarung<\/li><li>In den Zimmern ist das Rauchen verboten, Rauchern steht die Terrasse zum Rauchen zur Verf\u00fcgung<\/li><li>Kleine Haustiere sind bei uns willkommen<\/li><\/ul>\t\t\t\t\t\t\t\t<\/div>\n\t\t\t\t<\/div>\n\t\t\t\t\t<\/div>\n\t\t<\/div>\n\t\t\t\t\t<\/div>\n\t\t<\/section>\n\t\t\t\t<\/div>\n\t\t","protected":false},"excerpt":{"rendered":"<p>Ab&nbsp;70 \u20ac \/ nacht &#8211; 35 \u20ac Doppelbettzimmer zur EZ-Nutzung Doppelbett Anzahl der Personen: 2+1 Quadratmeter: 16 qm M\u00f6glichkeit eines Zustellbettes Doppelzimmer mit Balkon, Kochnische und eigenem Bad. Es besteht die M\u00f6glichkeit, ein drittes Bett oder ein Schlafsofa zuzustellen (Aufpreis 20,00 Euro pro Tag) S\u00fc\u00dfes Fr\u00fchst\u00fcck inklusive, herzhaftes Fr\u00fchst\u00fcck auf Anfrage gegen einen Aufpreis von<\/p>\n","protected":false},"author":1,"featured_media":0,"parent":0,"menu_order":0,"comment_status":"closed","ping_status":"closed","template":"","meta":{"footnotes":""},"class_list":["post-4710","page","type-page","status-publish","hentry"],"yoast_head":"<!-- This site is optimized with the Yoast SEO plugin v26.7 - https:\/\/yoast.com\/wordpress\/plugins\/seo\/ -->\n<title>Zimmer B - Casa di Gio B&amp;B<\/title>\n<meta name=\"robots\" content=\"index, follow, max-snippet:-1, max-image-preview:large, max-video-preview:-1\" \/>\n<link rel=\"canonical\" href=\"https:\/\/casadigiobb.it\/de\/zimmer-b\/\" \/>\n<meta property=\"og:locale\" content=\"de_DE\" \/>\n<meta property=\"og:type\" content=\"article\" \/>\n<meta property=\"og:title\" content=\"Zimmer B - Casa di Gio B&amp;B\" \/>\n<meta property=\"og:description\" content=\"Ab&nbsp;70 \u20ac \/ nacht &#8211; 35 \u20ac Doppelbettzimmer zur EZ-Nutzung Doppelbett Anzahl der Personen: 2+1 Quadratmeter: 16 qm M\u00f6glichkeit eines Zustellbettes Doppelzimmer mit Balkon, Kochnische und eigenem Bad. Es besteht die M\u00f6glichkeit, ein drittes Bett oder ein Schlafsofa zuzustellen (Aufpreis 20,00 Euro pro Tag) S\u00fc\u00dfes Fr\u00fchst\u00fcck inklusive, herzhaftes Fr\u00fchst\u00fcck auf Anfrage gegen einen Aufpreis von\" \/>\n<meta property=\"og:url\" content=\"https:\/\/casadigiobb.it\/de\/zimmer-b\/\" \/>\n<meta property=\"og:site_name\" content=\"Casa di Gio B&amp;B\" \/>\n<meta property=\"article:modified_time\" content=\"2024-01-12T15:23:26+00:00\" \/>\n<meta property=\"og:image\" content=\"https:\/\/casadigiobb.it\/wp-content\/uploads\/2021\/12\/cameraB.jpg\" \/>\n<meta name=\"twitter:card\" content=\"summary_large_image\" \/>\n<meta name=\"twitter:label1\" content=\"Gesch\u00e4tzte Lesezeit\" \/>\n\t<meta name=\"twitter:data1\" content=\"2\u00a0Minuten\" \/>\n<script type=\"application\/ld+json\" class=\"yoast-schema-graph\">{\"@context\":\"https:\/\/schema.org\",\"@graph\":[{\"@type\":\"WebPage\",\"@id\":\"https:\/\/casadigiobb.it\/de\/zimmer-b\/\",\"url\":\"https:\/\/casadigiobb.it\/de\/zimmer-b\/\",\"name\":\"Zimmer B - Casa di Gio B&amp;B\",\"isPartOf\":{\"@id\":\"https:\/\/casadigiobb.it\/#website\"},\"primaryImageOfPage\":{\"@id\":\"https:\/\/casadigiobb.it\/de\/zimmer-b\/#primaryimage\"},\"image\":{\"@id\":\"https:\/\/casadigiobb.it\/de\/zimmer-b\/#primaryimage\"},\"thumbnailUrl\":\"https:\/\/casadigiobb.it\/wp-content\/uploads\/2021\/12\/cameraB.jpg\",\"datePublished\":\"2022-02-08T19:18:23+00:00\",\"dateModified\":\"2024-01-12T15:23:26+00:00\",\"breadcrumb\":{\"@id\":\"https:\/\/casadigiobb.it\/de\/zimmer-b\/#breadcrumb\"},\"inLanguage\":\"de\",\"potentialAction\":[{\"@type\":\"ReadAction\",\"target\":[\"https:\/\/casadigiobb.it\/de\/zimmer-b\/\"]}]},{\"@type\":\"ImageObject\",\"inLanguage\":\"de\",\"@id\":\"https:\/\/casadigiobb.it\/de\/zimmer-b\/#primaryimage\",\"url\":\"https:\/\/casadigiobb.it\/wp-content\/uploads\/2021\/12\/cameraB.jpg\",\"contentUrl\":\"https:\/\/casadigiobb.it\/wp-content\/uploads\/2021\/12\/cameraB.jpg\"},{\"@type\":\"BreadcrumbList\",\"@id\":\"https:\/\/casadigiobb.it\/de\/zimmer-b\/#breadcrumb\",\"itemListElement\":[{\"@type\":\"ListItem\",\"position\":1,\"name\":\"Home\",\"item\":\"https:\/\/casadigiobb.it\/de\/camere\/\"},{\"@type\":\"ListItem\",\"position\":2,\"name\":\"Zimmer B\"}]},{\"@type\":\"WebSite\",\"@id\":\"https:\/\/casadigiobb.it\/#website\",\"url\":\"https:\/\/casadigiobb.it\/\",\"name\":\"Casa di Gio B&amp;B\",\"description\":\"B&amp;B San Giovanni al Natisone\",\"potentialAction\":[{\"@type\":\"SearchAction\",\"target\":{\"@type\":\"EntryPoint\",\"urlTemplate\":\"https:\/\/casadigiobb.it\/?s={search_term_string}\"},\"query-input\":{\"@type\":\"PropertyValueSpecification\",\"valueRequired\":true,\"valueName\":\"search_term_string\"}}],\"inLanguage\":\"de\"}]}<\/script>\n<!-- \/ Yoast SEO plugin. -->","yoast_head_json":{"title":"Zimmer B - Casa di Gio B&amp;B","robots":{"index":"index","follow":"follow","max-snippet":"max-snippet:-1","max-image-preview":"max-image-preview:large","max-video-preview":"max-video-preview:-1"},"canonical":"https:\/\/casadigiobb.it\/de\/zimmer-b\/","og_locale":"de_DE","og_type":"article","og_title":"Zimmer B - Casa di Gio B&amp;B","og_description":"Ab&nbsp;70 \u20ac \/ nacht &#8211; 35 \u20ac Doppelbettzimmer zur EZ-Nutzung Doppelbett Anzahl der Personen: 2+1 Quadratmeter: 16 qm M\u00f6glichkeit eines Zustellbettes Doppelzimmer mit Balkon, Kochnische und eigenem Bad. Es besteht die M\u00f6glichkeit, ein drittes Bett oder ein Schlafsofa zuzustellen (Aufpreis 20,00 Euro pro Tag) S\u00fc\u00dfes Fr\u00fchst\u00fcck inklusive, herzhaftes Fr\u00fchst\u00fcck auf Anfrage gegen einen Aufpreis von","og_url":"https:\/\/casadigiobb.it\/de\/zimmer-b\/","og_site_name":"Casa di Gio B&amp;B","article_modified_time":"2024-01-12T15:23:26+00:00","og_image":[{"url":"https:\/\/casadigiobb.it\/wp-content\/uploads\/2021\/12\/cameraB.jpg","type":"","width":"","height":""}],"twitter_card":"summary_large_image","twitter_misc":{"Gesch\u00e4tzte Lesezeit":"2\u00a0Minuten"},"schema":{"@context":"https:\/\/schema.org","@graph":[{"@type":"WebPage","@id":"https:\/\/casadigiobb.it\/de\/zimmer-b\/","url":"https:\/\/casadigiobb.it\/de\/zimmer-b\/","name":"Zimmer B - Casa di Gio B&amp;B","isPartOf":{"@id":"https:\/\/casadigiobb.it\/#website"},"primaryImageOfPage":{"@id":"https:\/\/casadigiobb.it\/de\/zimmer-b\/#primaryimage"},"image":{"@id":"https:\/\/casadigiobb.it\/de\/zimmer-b\/#primaryimage"},"thumbnailUrl":"https:\/\/casadigiobb.it\/wp-content\/uploads\/2021\/12\/cameraB.jpg","datePublished":"2022-02-08T19:18:23+00:00","dateModified":"2024-01-12T15:23:26+00:00","breadcrumb":{"@id":"https:\/\/casadigiobb.it\/de\/zimmer-b\/#breadcrumb"},"inLanguage":"de","potentialAction":[{"@type":"ReadAction","target":["https:\/\/casadigiobb.it\/de\/zimmer-b\/"]}]},{"@type":"ImageObject","inLanguage":"de","@id":"https:\/\/casadigiobb.it\/de\/zimmer-b\/#primaryimage","url":"https:\/\/casadigiobb.it\/wp-content\/uploads\/2021\/12\/cameraB.jpg","contentUrl":"https:\/\/casadigiobb.it\/wp-content\/uploads\/2021\/12\/cameraB.jpg"},{"@type":"BreadcrumbList","@id":"https:\/\/casadigiobb.it\/de\/zimmer-b\/#breadcrumb","itemListElement":[{"@type":"ListItem","position":1,"name":"Home","item":"https:\/\/casadigiobb.it\/de\/camere\/"},{"@type":"ListItem","position":2,"name":"Zimmer B"}]},{"@type":"WebSite","@id":"https:\/\/casadigiobb.it\/#website","url":"https:\/\/casadigiobb.it\/","name":"Casa di Gio B&amp;B","description":"B&amp;B San Giovanni al Natisone","potentialAction":[{"@type":"SearchAction","target":{"@type":"EntryPoint","urlTemplate":"https:\/\/casadigiobb.it\/?s={search_term_string}"},"query-input":{"@type":"PropertyValueSpecification","valueRequired":true,"valueName":"search_term_string"}}],"inLanguage":"de"}]}},"_links":{"self":[{"href":"https:\/\/casadigiobb.it\/de\/wp-json\/wp\/v2\/pages\/4710","targetHints":{"allow":["GET"]}}],"collection":[{"href":"https:\/\/casadigiobb.it\/de\/wp-json\/wp\/v2\/pages"}],"about":[{"href":"https:\/\/casadigiobb.it\/de\/wp-json\/wp\/v2\/types\/page"}],"author":[{"embeddable":true,"href":"https:\/\/casadigiobb.it\/de\/wp-json\/wp\/v2\/users\/1"}],"replies":[{"embeddable":true,"href":"https:\/\/casadigiobb.it\/de\/wp-json\/wp\/v2\/comments?post=4710"}],"version-history":[{"count":10,"href":"https:\/\/casadigiobb.it\/de\/wp-json\/wp\/v2\/pages\/4710\/revisions"}],"predecessor-version":[{"id":4903,"href":"https:\/\/casadigiobb.it\/de\/wp-json\/wp\/v2\/pages\/4710\/revisions\/4903"}],"wp:attachment":[{"href":"https:\/\/casadigiobb.it\/de\/wp-json\/wp\/v2\/media?parent=4710"}],"curies":[{"name":"wp","href":"https:\/\/api.w.org\/{rel}","templated":true}]}}